{"id":25746,"date":"2023-02-24T10:12:05","date_gmt":"2023-02-24T09:12:05","guid":{"rendered":"https:\/\/bolnica-ogulin.hr\/wp\/?page_id=25746"},"modified":"2025-09-19T09:11:48","modified_gmt":"2025-09-19T07:11:48","slug":"centralno-narucivanje","status":"publish","type":"page","link":"https:\/\/bolnica-ogulin.hr\/wp\/centralno-narucivanje\/","title":{"rendered":"Centralno naru\u010divanje"},"content":{"rendered":"\t\t<div data-elementor-type=\"wp-post\" data-elementor-id=\"25746\" class=\"elementor elementor-25746\">\n\t\t\t\t\t\t<section class=\"elementor-section elementor-top-section elementor-element elementor-element-2f2e688 elementor-section-boxed elementor-section-height-default elementor-section-height-default\" data-id=\"2f2e688\" data-element_type=\"section\" data-e-type=\"section\" data-settings=\"{&quot;background_background&quot;:&quot;slideshow&quot;,&quot;background_slideshow_gallery&quot;:[{&quot;id&quot;:&quot;25979&quot;,&quot;url&quot;:&quot;https:\\\/\\\/bolnica-ogulin.hr\\\/wp\\\/wp-content\\\/uploads\\\/2023\\\/03\\\/P06lKZfM_4x-scaled-1.jpg&quot;}],&quot;background_slideshow_loop&quot;:&quot;yes&quot;,&quot;background_slideshow_slide_duration&quot;:5000,&quot;background_slideshow_slide_transition&quot;:&quot;fade&quot;,&quot;background_slideshow_transition_duration&quot;:500}\">\n\t\t\t\t\t\t\t<div class=\"elementor-background-overlay\"><\/div>\n\t\t\t\t\t\t\t<div class=\"elementor-container elementor-column-gap-default\">\n\t\t\t\t\t<div class=\"elementor-column elementor-col-100 elementor-top-column elementor-element elementor-element-44b87d6\" data-id=\"44b87d6\" data-element_type=\"column\" data-e-type=\"column\">\n\t\t\t<div class=\"elementor-widget-wrap elementor-element-populated\">\n\t\t\t\t\t\t<div class=\"elementor-element elementor-element-735c843 elementor-widget elementor-widget-heading\" data-id=\"735c843\" data-element_type=\"widget\" data-e-type=\"widget\" data-widget_type=\"heading.default\">\n\t\t\t\t<div class=\"elementor-widget-container\">\n\t\t\t\t\t<h2 class=\"elementor-heading-title elementor-size-default\">Centralno naru\u010divanje<\/h2>\t\t\t\t<\/div>\n\t\t\t\t<\/div>\n\t\t\t\t\t<\/div>\n\t\t<\/div>\n\t\t\t\t\t<\/div>\n\t\t<\/section>\n\t\t\t\t<section class=\"elementor-section elementor-top-section elementor-element elementor-element-422ee72c elementor-section-boxed elementor-section-height-default elementor-section-height-default\" data-id=\"422ee72c\" data-element_type=\"section\" data-e-type=\"section\">\n\t\t\t\t\t\t<div class=\"elementor-container elementor-column-gap-default\">\n\t\t\t\t\t<div class=\"elementor-column elementor-col-100 elementor-top-column elementor-element elementor-element-46b1ba77\" data-id=\"46b1ba77\" data-element_type=\"column\" data-e-type=\"column\">\n\t\t\t<div class=\"elementor-widget-wrap elementor-element-populated\">\n\t\t\t\t\t\t<div class=\"elementor-element elementor-element-ff25a88 elementor-widget elementor-widget-text-editor\" data-id=\"ff25a88\" data-element_type=\"widget\" data-e-type=\"widget\" data-widget_type=\"text-editor.default\">\n\t\t\t\t<div class=\"elementor-widget-container\">\n\t\t\t\t\t\t\t\t\t<p style=\"margin-left: 1.27cm; margin-bottom: 0.28cm; line-height: 100%;\">\n<\/p><p style=\"margin-bottom: 0.28cm; line-height: 100%;\"><span style=\"color: #3a3a3a;\"><span style=\"font-family: Arial, sans-serif;\">Sukladno Odluci&nbsp;<\/span><\/span><span style=\"color: #0000ff;\"><a href=\"http:\/\/www.mzss.hr\/\" target=\"_top\"><span style=\"color: #4b4b4b;\"><span style=\"font-family: Arial, sans-serif;\">ministarstva zdravstva i socijalne skrbi<\/span><\/span><\/a><\/span><span style=\"color: #3a3a3a;\"><span style=\"font-family: Arial, sans-serif;\">&nbsp;(<\/span><\/span><b><span style=\"color: #3a3a3a;\"><span style=\"font-family: Arial, sans-serif;\">KLASA:500-01\/08-01\/140, URBROJ:534-05-1-2\/1-08-51, od 21. listopada 2008g.<\/span><\/span><\/b><span style=\"color: #3a3a3a;\"><span style=\"font-family: Arial, sans-serif;\">) o ustrojavanju i na\u010dinu rada bolni\u010dke jedinice za centralno naru\u010divanje pacijenata, odre\u0111eno je da je svaka bolni\u010dka ustanova du\u017ena uspostaviti sustav centraliziranog naru\u010divanja za zdravstvene usluge i ustrojiti Bolni\u010dku jedinicu za centralno naru\u010divanje pacijenata.<\/span><\/span><\/p>\n<p style=\"margin-bottom: 0.28cm; line-height: 100%;\"><span style=\"color: #3a3a3a;\"><span style=\"font-family: Arial, sans-serif;\">Pacijenti se u bolni\u010dkoj jedinici za centralno naru\u010divanje pacijenata mogu naru\u010divati <\/span><\/span><\/p>\n<p style=\"margin-bottom: 0.28cm; line-height: 100%;\"><span style=\"color: #3a3a3a;\"><span style=\"font-family: Arial, sans-serif;\"><b>NA SLJEDE\u0106E NA\u010cINE:<\/b><\/span><\/span><\/p>\n<ul>\n<li>\n<p style=\"margin-bottom: 0.28cm; line-height: 100%;\"><span style=\"font-family: Arial, sans-serif;\"><b>OSOBNO na \u0161alteru centralnog naru\u010divanja<\/b><\/span><\/p>\n<\/li>\n<li>\n<p style=\"margin-bottom: 0.28cm; line-height: 100%;\"><span style=\"font-family: Arial, sans-serif;\"><b>TELEFAX \u2013 047\/ 819 &#8211; 789<\/b><\/span><\/p>\n<\/li>\n<li>\n<p style=\"margin-bottom: 0.28cm; line-height: 100%;\"><span style=\"font-family: Arial, sans-serif;\"><b>E-MAIL : <\/b><\/span><span style=\"color: #0000ff;\"><u><a href=\"mailto:narucivanje@bolnica-ogulin.hr\" target=\"_top\"><span style=\"font-family: Arial, sans-serif;\"><b>narucivanje@bolnica-ogulin.hr<\/b><\/span><\/a><\/u><\/span><\/p>\n<\/li>\n<li>\n<p style=\"margin-bottom: 0.28cm; line-height: 100%;\"><span style=\"font-family: Arial, sans-serif;\"><b>Lije\u010dnik obiteljske medicine<\/b><\/span><\/p>\n<\/li>\n<\/ul>\n<p style=\"margin-left: 1.27cm; margin-bottom: 0.28cm; line-height: 100%;\">\n<\/p><p style=\"margin-bottom: 0.28cm; line-height: 100%;\"><span style=\"font-family: Arial, sans-serif;\"><b>TELEFONSKE NARUD\u017dBE NISU MOGU\u0106E <\/b><\/span><span style=\"font-family: Arial, sans-serif;\">zbog potrebe uvida u medicinsku dokumentaciju.<\/span><\/p>\n<p style=\"margin-bottom: 0.28cm; line-height: 100%;\"><span style=\"font-family: Arial, sans-serif;\"><u><b>Osobno naru\u010divanje<\/b><\/u><\/span><\/p>\n<p style=\"margin-bottom: 0.28cm; line-height: 100%;\"><span style=\"font-family: Arial, sans-serif;\">Na \u0161alteru za naru\u010divanje ( prizemlje bolnice \u2013 glavni ulaz )<\/span><\/p>\n<p style=\"margin-bottom: 0.28cm; line-height: 100%;\"><span style=\"font-family: Arial, sans-serif;\">Potrebna dokumentacija : <\/span><span style=\"font-family: Arial, sans-serif;\"><i><b>izdana uputnica<\/b><\/i><\/span><span style=\"font-family: Arial, sans-serif;\"><i> lije\u010dnika obiteljske medicine ili <\/i><\/span><span style=\"font-family: Arial, sans-serif;\"><i><b>nalaz<\/b><\/i><\/span><span style=\"font-family: Arial, sans-serif;\"><i> lije\u010dnika specijaliste koji upu\u0107uje na pretragu ili pregled<\/i><\/span><\/p>\n<p style=\"margin-bottom: 0.28cm; line-height: 100%;\"><span style=\"color: #3a3a3a;\"><span style=\"font-family: Arial, sans-serif;\"><u><b>TELEFAX na broj : 047\/ 819-789<\/b><\/u><\/span><\/span><\/p>\n<p style=\"margin-bottom: 0.28cm; line-height: 100%;\"><span style=\"color: #3a3a3a;\"><span style=\"font-family: Arial, sans-serif;\">Putem telefax-a poslati : <\/span><\/span><\/p>\n<ul>\n<li>\n<p style=\"margin-bottom: 0.28cm; line-height: 100%;\"><span style=\"color: #3a3a3a;\"><span style=\"font-family: Arial, sans-serif;\">Uputnicu lije\u010dnika primarne zdravstvene za\u0161tite<\/span><\/span><\/p>\n<\/li>\n<li>\n<p style=\"margin-bottom: 0.28cm; line-height: 100%;\"><span style=\"color: #3a3a3a;\"><span style=\"font-family: Arial, sans-serif;\">Nalaz \/ preporuku lije\u010dnika specijaliste koji je preporu\u010dio pretragu ili pregled<\/span><\/span><\/p>\n<\/li>\n<li>\n<p style=\"margin-bottom: 0.28cm; line-height: 100%;\"><span style=\"color: #3a3a3a;\"><span style=\"font-family: Arial, sans-serif;\">Tako\u0111er, OBAVEZNO dostaviti slijede\u0107e podatke.<\/span><\/span><\/p>\n<\/li>\n<\/ul>\n<ul>\n<li>\n<p style=\"margin-bottom: 0.28cm; line-height: 100%;\"><span style=\"color: #3a3a3a;\"><span style=\"font-family: Arial, sans-serif;\">MBO ( mati\u010dni broj osiguranika sa zdravstvene iskaznice)<\/span><\/span><\/p>\n<\/li>\n<li>\n<p style=\"margin-bottom: 0.28cm; line-height: 100%;\"><span style=\"color: #3a3a3a;\"><span style=\"font-family: Arial, sans-serif;\">Kontakt adresa i broj telefona pacijenta.<\/span><\/span><\/p>\n<\/li>\n<\/ul>\n<p style=\"margin-bottom: 0.28cm; line-height: 100%;\"><span style=\"color: #3a3a3a;\"><span style=\"font-family: Arial, sans-serif;\"><u><b>E-MAILOM na adresu<\/b><\/u><\/span><\/span><span style=\"color: #3a3a3a;\"><span style=\"font-family: Arial, sans-serif;\"> : <\/span><\/span><span style=\"color: #0000ff;\"><u><a href=\"mailto:narucivanje@bolnica-ogulin.hr\" target=\"_top\"><span style=\"font-family: Arial, sans-serif;\">narucivanje@bolnica-ogulin.hr<\/span><\/a><\/u><\/span><\/p>\n<p style=\"margin-bottom: 0.28cm; line-height: 100%;\"><span style=\"font-family: Arial, sans-serif;\">U privitku maila dostaviti : <\/span><\/p>\n<ul>\n<li>\n<p style=\"margin-bottom: 0.28cm; line-height: 100%;\"><span style=\"font-family: Arial, sans-serif;\">Uputnicu lije\u010dnika primarne zdravstvene za\u0161tite<\/span><\/p>\n<\/li>\n<li>\n<p style=\"margin-bottom: 0.28cm; line-height: 100%;\"><span style=\"font-family: Arial, sans-serif;\">Nalaz \/ preporuku lije\u010dnika specijalista koji je preporu\u010dio pretragu ili pregled<\/span><\/p>\n<\/li>\n<li>\n<p style=\"margin-bottom: 0.28cm; line-height: 100%;\"><span style=\"font-family: Arial, sans-serif;\">Tako\u0111er, obavezno dostaviti slijede\u0107e podatke :<\/span><\/p>\n<\/li>\n<\/ul>\n<p style=\"margin-left: 1.27cm; margin-bottom: 0.28cm; line-height: 100%;\">\n<\/p><ul>\n<li>\n<p style=\"margin-bottom: 0.28cm; line-height: 100%;\"><span style=\"font-family: Arial, sans-serif;\">MBO ( mati\u010dni broj osiguranika sa zdravstvene iskaznice)<\/span><\/p>\n<\/li>\n<li>\n<p style=\"margin-bottom: 0.28cm; line-height: 100%;\"><span style=\"font-family: Arial, sans-serif;\">Datum ro\u0111enja<\/span><\/p>\n<\/li>\n<li>\n<p style=\"margin-bottom: 0.28cm; line-height: 100%;\"><span style=\"font-family: Arial, sans-serif;\">Kontakt adresa i broj telefona pacijenta<\/span><\/p>\n<\/li>\n<li>\n<p style=\"margin-bottom: 0.28cm; line-height: 100%;\"><span style=\"font-family: Arial, sans-serif;\">Adresu elektroni\u010dke po\u0161te na koji \u0107emo poslati potvrdu o rezervaciji ( ukoliko je razli\u010dita od one s koje je poslana)<\/span><\/p><\/li>\n<\/ul>\n<p style=\"margin-bottom: 0.28cm; line-height: 100%\"><font face=\"Arial, sans-serif\"><b><br><\/b><\/font><\/p><p style=\"margin-bottom: 0.28cm; line-height: 100%\">\n<font face=\"Arial, sans-serif\"><b>PROCEDURA ZA NARU\u010cIVANJE\nPACIJENATA NA  CT  i EMNG<\/b><\/font><\/p><p style=\"margin-bottom: 0.28cm; line-height: 100%\"><font face=\"Arial, sans-serif\"><u><b>Telefonske\nnarud\u017ebe nisu mogu\u0107e, pacijenti se naru\u010duju  na sljede\u0107i na\u010din: <\/b><\/u><\/font>\n<\/p><ul>\n\t<li><p style=\"margin-bottom: 0.28cm; line-height: 100%\"><font face=\"Arial, sans-serif\"><b>OSOBNO\n\t na \u0161alteru za naru\u010divanje <\/b><\/font>\n\t<\/p>\n<\/li><\/ul><p style=\"margin-left: 2.54cm; margin-bottom: 0.28cm; line-height: 100%\">\n<font face=\"Arial, sans-serif\">Potrebna dokumentacija : <\/font><font face=\"Arial, sans-serif\"><i><b>izdana<\/b><\/i><\/font><font face=\"Arial, sans-serif\"><i>\nuputnica lije\u010dnika obiteljske medicine i <\/i><\/font><font face=\"Arial, sans-serif\"><i><b>nalaz\n<\/b><\/i><\/font><font face=\"Arial, sans-serif\"><i>lije\u010dnika\nspecijaliste koji upu\u0107uje na pretragu ili pregled.<\/i><\/font><\/p><ul>\n\t<li><p style=\"margin-bottom: 0.28cm; line-height: 100%\"><font face=\"Arial, sans-serif\"><b>TELEFAX\n\t\u2013 047\/819 \u2013 789 <\/b><\/font>\n\t<\/p>\n\t<\/li><li><p style=\"margin-bottom: 0.28cm; line-height: 100%\"><font color=\"#3a3a3a\"><font face=\"Arial, sans-serif\">Uputnicu\n\tlije\u010dnika primarne zdravstvene za\u0161tite<\/font><\/font><\/p>\n\t<\/li><li><p style=\"margin-bottom: 0.28cm; line-height: 100%\"><font color=\"#3a3a3a\"><font face=\"Arial, sans-serif\">Nalaz\n\t\/ preporuku lije\u010dnika specijaliste koji je preporu\u010dio pretragu ili\n\tpregled<\/font><\/font><\/p>\n\t<\/li><li><p style=\"margin-bottom: 0.28cm; line-height: 100%\"><font color=\"#3a3a3a\"><font face=\"Arial, sans-serif\">Tako\u0111er,\n\tOBAVEZNO dostaviti slijede\u0107e podatke.<\/font><\/font><\/p>\n<\/li><\/ul><ul>\n\t<li><p style=\"margin-bottom: 0.28cm; line-height: 100%\"><font color=\"#3a3a3a\"><font face=\"Arial, sans-serif\">MBO\n\t( mati\u010dni broj osiguranika sa zdravstvene iskaznice)<\/font><\/font><\/p>\n\t<\/li><li><p style=\"margin-bottom: 0.28cm; line-height: 100%\"><font color=\"#3a3a3a\"><font face=\"Arial, sans-serif\">Kontakt\n\tadresa i broj telefona pacijenta.<\/font><\/font><\/p>\n<\/li><\/ul><ul>\n\t<li><p style=\"margin-bottom: 0.28cm; line-height: 100%\"><font face=\"Arial, sans-serif\"><b>E-\n\tMAIL : <\/b><\/font><font color=\"#0000ff\"><u><a href=\"mailto:naru%C4%8Divanje@bolnica-ogulin.hr\" target=\"_top\"><font face=\"Arial, sans-serif\"><b>naru\u010divanje@bolnica-ogulin.hr<\/b><\/font><\/a><\/u><\/font><\/p>\n<\/li><\/ul><p style=\"margin-bottom: 0.28cm; line-height: 100%\">             <font face=\"Arial, sans-serif\">U\nprivitku maila dostaviti : <\/font>\n<\/p><ul>\n\t<li><p style=\"margin-bottom: 0.28cm; line-height: 100%\"><font face=\"Arial, sans-serif\">Uputnicu\n\tlije\u010dnika primarne zdravstvene za\u0161tite<\/font><\/p>\n\t<\/li><li><p style=\"margin-bottom: 0.28cm; line-height: 100%\"><font face=\"Arial, sans-serif\">Nalaz\n\t\/ preporuku lije\u010dnika specijalista koji je preporu\u010dio pretragu ili\n\tpregled<\/font><\/p>\n\t<\/li><li><p style=\"margin-bottom: 0.28cm; line-height: 100%\"><font face=\"Arial, sans-serif\">Tako\u0111er,\n\tobavezno dostaviti slijede\u0107e podatke :<\/font><\/p>\n<\/li><\/ul><ul>\n\t<li><p style=\"margin-bottom: 0.28cm; line-height: 100%\"><font face=\"Arial, sans-serif\">MBO\n\t( mati\u010dni broj osiguranika sa zdravstvene iskaznice)<\/font><\/p>\n\t<\/li><li><p style=\"margin-bottom: 0.28cm; line-height: 100%\"><font face=\"Arial, sans-serif\">Datum\n\tro\u0111enja<\/font><\/p>\n\t<\/li><li><p style=\"margin-bottom: 0.28cm; line-height: 100%\"><font face=\"Arial, sans-serif\">Kontakt\n\tadresa i broj telefona pacijenta                                    \n\t                         <\/font>\n\t<\/p>\n<\/li><\/ul><p style=\"margin-bottom: 0.28cm; line-height: 100%\"><font face=\"Arial, sans-serif\">Ukoliko\nniste u mogu\u0107nosti do\u0107i na zakazani termin pregleda ili pretrage\n<\/font><font face=\"Arial, sans-serif\"><b>Molimo Vas da otka\u017eete va\u0161u\nnarud\u017ebu najkasnije 2 dana prije zakazanog termina:<\/b><\/font><\/p><ul>\n\t<li><p style=\"margin-bottom: 0.28cm; line-height: 100%\"><font face=\"Arial, sans-serif\">Telefonom\n\tod 13-14h<\/font><\/p>\n\t<\/li><li><p style=\"margin-bottom: 0.28cm; line-height: 100%\"><font face=\"Arial, sans-serif\">direktno\n\tna \u0161alteru<\/font><\/p>\n\t<\/li><li><p style=\"margin-bottom: 0.28cm; line-height: 100%\"><font face=\"Arial, sans-serif\">e-mailom:\n\t<\/font><font color=\"#0000ff\"><u><a href=\"mailto:narucivanje@bolnica-ogulin.hr\" target=\"_top\"><font face=\"Arial, sans-serif\">narucivanje@bolnica-ogulin.hr<\/font><\/a><\/u><\/font><\/p>\n\t<\/li><li><p style=\"margin-bottom: 0.28cm; line-height: 100%\"><font face=\"Arial, sans-serif\">kod\n\tlije\u010dnika obiteljske medicine.<\/font><\/p>\n\t<\/li><li><p style=\"margin-bottom: 0.28cm; line-height: 100%\"><font face=\"Arial, sans-serif\">Sve\n\tpacijente koji hitno trebaju bolni\u010dku skrb lije\u010dnici obiteljske\n\tmedicine \u0107e s uputnicom uputiti u OHBP ( Objedinjeni hitni bolni\u010dki\n\tprijem) gdje \u0107e  biti odmah pregledani i proslije\u0111eni na daljnji\n\ttretman.<\/font><\/p>\n<\/li><\/ul><p style=\"margin-left: 2.54cm; margin-bottom: 0.28cm; line-height: 100%\">\n<br>\n<br>\n\n<\/p><p style=\"margin-bottom: 0.28cm; line-height: 100%\"><font face=\"Arial, sans-serif\">VA\u017dNA\nNAPOMENA :<\/font><\/p><p>\n\n\n\n\n\n\n\n\n\n\n\n\n\n<\/p><p style=\"margin-bottom: 0.28cm; line-height: 100%\"><font face=\"Arial, sans-serif\">Sve\nkratke <\/font><font face=\"Arial, sans-serif\"><b>informacije u vezi\nnaru\u010divanja<\/b><\/font><font face=\"Arial, sans-serif\"> na\nspecijalisti\u010dke preglede ili pretrage mo\u017eete dobiti telefonom\n<\/font><font face=\"Arial, sans-serif\"><u><b>ISKLJU\u010cIVO U VREMENU\n13:00 do 14:00 sati <\/b><\/u><\/font><font face=\"Arial, sans-serif\"><u>na\nbroj : 047\/819 &#8211; 788<\/u><\/font><\/p>\t\t\t\t\t\t\t\t<\/div>\n\t\t\t\t<\/div>\n\t\t\t\t\t<\/div>\n\t\t<\/div>\n\t\t\t\t\t<\/div>\n\t\t<\/section>\n\t\t\t\t<\/div>\n\t\t","protected":false},"excerpt":{"rendered":"<p>Centralno naru\u010divanje Sukladno Odluci&nbsp;ministarstva zdravstva i socijalne skrbi&nbsp;(KLASA:500-01\/08-01\/140, URBROJ:534-05-1-2\/1-08-51, od 21. listopada 2008g.) o ustrojavanju i na\u010dinu rada bolni\u010dke jedinice za centralno naru\u010divanje pacijenata, odre\u0111eno je da je svaka bolni\u010dka ustanova du\u017ena uspostaviti sustav centraliziranog naru\u010divanja za zdravstvene usluge i ustrojiti Bolni\u010dku jedinicu za centralno naru\u010divanje pacijenata. Pacijenti se u bolni\u010dkoj jedinici za centralno naru\u010divanje [&hellip;]<\/p>\n","protected":false},"author":7,"featured_media":0,"parent":0,"menu_order":0,"comment_status":"closed","ping_status":"closed","template":"","meta":{"site-sidebar-layout":"no-sidebar","site-content-layout":"page-builder","ast-site-content-layout":"default","site-content-style":"default","site-sidebar-style":"default","ast-global-header-display":"","ast-banner-title-visibility":"","ast-main-header-display":"","ast-hfb-above-header-display":"","ast-hfb-below-header-display":"","ast-hfb-mobile-header-display":"","site-post-title":"disabled","ast-breadcrumbs-content":"","ast-featured-img":"disabled","footer-sml-layout":"","ast-disable-related-posts":"","theme-transparent-header-meta":"enabled","adv-header-id-meta":"","stick-header-meta":"","header-above-stick-meta":"","header-main-stick-meta":"","header-below-stick-meta":"","astra-migrate-meta-layouts":"default","ast-page-background-enabled":"default","ast-page-background-meta":{"desktop":{"background-color":"","background-image":"","background-repeat":"repeat","background-position":"center center","background-size":"auto","background-attachment":"scroll","background-type":"","background-media":"","overlay-type":"","overlay-color":"","overlay-opacity":"","overlay-gradient":""},"tablet":{"background-color":"","background-image":"","background-repeat":"repeat","background-position":"center center","background-size":"auto","background-attachment":"scroll","background-type":"","background-media":"","overlay-type":"","overlay-color":"","overlay-opacity":"","overlay-gradient":""},"mobile":{"background-color":"","background-image":"","background-repeat":"repeat","background-position":"center center","background-size":"auto","background-attachment":"scroll","background-type":"","background-media":"","overlay-type":"","overlay-color":"","overlay-opacity":"","overlay-gradient":""}},"ast-content-background-meta":{"desktop":{"background-color":"var(--ast-global-color-5)","background-image":"","background-repeat":"repeat","background-position":"center center","background-size":"auto","background-attachment":"scroll","background-type":"","background-media":"","overlay-type":"","overlay-color":"","overlay-opacity":"","overlay-gradient":""},"tablet":{"background-color":"var(--ast-global-color-5)","background-image":"","background-repeat":"repeat","background-position":"center center","background-size":"auto","background-attachment":"scroll","background-type":"","background-media":"","overlay-type":"","overlay-color":"","overlay-opacity":"","overlay-gradient":""},"mobile":{"background-color":"var(--ast-global-color-5)","background-image":"","background-repeat":"repeat","background-position":"center center","background-size":"auto","background-attachment":"scroll","background-type":"","background-media":"","overlay-type":"","overlay-color":"","overlay-opacity":"","overlay-gradient":""}},"_vp_format_video_url":"","_vp_image_focal_point":[],"footnotes":""},"class_list":["post-25746","page","type-page","status-publish","hentry"],"_links":{"self":[{"href":"https:\/\/bolnica-ogulin.hr\/wp\/wp-json\/wp\/v2\/pages\/25746","targetHints":{"allow":["GET"]}}],"collection":[{"href":"https:\/\/bolnica-ogulin.hr\/wp\/wp-json\/wp\/v2\/pages"}],"about":[{"href":"https:\/\/bolnica-ogulin.hr\/wp\/wp-json\/wp\/v2\/types\/page"}],"author":[{"embeddable":true,"href":"https:\/\/bolnica-ogulin.hr\/wp\/wp-json\/wp\/v2\/users\/7"}],"replies":[{"embeddable":true,"href":"https:\/\/bolnica-ogulin.hr\/wp\/wp-json\/wp\/v2\/comments?post=25746"}],"version-history":[{"count":8,"href":"https:\/\/bolnica-ogulin.hr\/wp\/wp-json\/wp\/v2\/pages\/25746\/revisions"}],"predecessor-version":[{"id":29133,"href":"https:\/\/bolnica-ogulin.hr\/wp\/wp-json\/wp\/v2\/pages\/25746\/revisions\/29133"}],"wp:attachment":[{"href":"https:\/\/bolnica-ogulin.hr\/wp\/wp-json\/wp\/v2\/media?parent=25746"}],"curies":[{"name":"wp","href":"https:\/\/api.w.org\/{rel}","templated":true}]}}